{"id":6986,"date":"2025-02-15T11:47:03","date_gmt":"2025-02-15T11:47:03","guid":{"rendered":"https:\/\/litmad.com\/?post_type=product&#038;p=6986"},"modified":"2026-03-04T07:28:20","modified_gmt":"2026-03-04T07:28:20","slug":"surmatelas-confort-tech-hr36","status":"publish","type":"product","link":"https:\/\/litmad.com\/ar\/product\/surmatelas-confort-tech-hr36\/","title":{"rendered":"Surmatelas CONFORT-TECH HR36"},"content":{"rendered":"<div class=\"wpb-content-wrapper\"><p>[vc_row][vc_column][vc_column_text]<\/p>\n<div><strong>PhytoTECH<\/strong>\u00ae est une protection biologique\u00a0non chimique\u00a0anti-acariens, anti-bact\u00e9riens, anti-tiques et punaises de lit et qui repousse en moyenne 60% \u00e0 80% des moustiques sur 3 \u00e0 6 mois<\/div>\n<div>\u00a0Le Surmatelas <strong>CONFORT-TECH<\/strong> <strong>HR36<\/strong> permet\u00a0de rendre votre lit beaucoup plus confortable sans impacter sur la profondeur ni la qualit\u00e9 de soutien. Par exemple, le sur-matelas\u00a0optimisera le moelleux d&#8217;un\u00a0matelas\u00a0trop ferme ou \u00e0 l&#8217;inverse, offrir plus de fermet\u00e9 \u00e0 un lit trop mou.<\/div>\n<div>Il est sp\u00e9cialement \u00e9tudi\u00e9 pour \u00e9viter de chauffer et de transpirer. Son\u00a0confort est in\u00e9galable\u00a0et la marque LITMAD est un gage de qualit\u00e9 et de travail bien fait. Vous\u00a0dormirez comme dans un lit douillet\u00a0!<\/div>\n<div>\u00a065% polyester et 35% coton.<\/div>\n<div>\u00a0\u00c9paisseur 5 cm environ.<\/div>\n<div>\u00a0Int\u00e9rieur en 100% fibres de polyester creuses silicon\u00e9es<\/div>\n<div>\u00a0Piquage Carr\u00e9<\/div>\n<div>\u00a0Double piq\u00fbre de renfort<\/div>\n<div>\u00a0\u00c9lastiques aux 4 coins<\/div>\n<div>\u00a0Lavage \u00e0 40\u00b0C<\/div>\n<div>\u00a0Le Surmatelas <strong>CONFORT-TECH<\/strong>\u00ae, sa fiche techniqueest\u00a0Fran\u00e7aise,les mati\u00e8res premi\u00e8res et secondaires sont\u00a0Europ\u00e9ennes, il est con\u00e7u dans\u00a0les normes strictes d&#8217;hygi\u00e8ne et de qualit\u00e9. Nos produits sont vendus \u00e0 des H\u00f4tels de 2 \u00e0 4 Etoiles\u00a0et aussi destin\u00e9s \u00e0 l&#8217;export. Il est fabriqu\u00e9 dans notre nouvelle unit\u00e9 de fabrication en Alg\u00e9rie.<\/div>\n<p>[\/vc_column_text][\/vc_column][\/vc_row]<\/p>\n<\/div>","protected":false},"excerpt":{"rendered":"<div><strong>Surmatelas CONFORT-TECH HR36 : Accueil Ultra Moelleux<\/strong><\/div>\n<div>Le Surmatelas <strong>CONFORT-TECH HR36<\/strong> est n\u00e9 depuis plusieurs ann\u00e9es de recherches et de d\u00e9veloppement. Il est sp\u00e9cialement \u00e9tudi\u00e9 pour \u00e9viter de chauffer et de transpirer. Son confort est in\u00e9galable et notre marque est un gage de qualit\u00e9 et de travail bien fait.<\/div>\n<div>Vous dormirez comme dans un lit douillet !<\/div>\n","protected":false},"featured_media":7224,"comment_status":"open","ping_status":"closed","template":"","meta":[],"product_brand":[],"product_cat":[27,72],"product_tag":[],"class_list":{"0":"post-6986","1":"product","2":"type-product","3":"status-publish","4":"has-post-thumbnail","6":"product_cat-literie","7":"product_cat-surmatelas","9":"first","10":"instock","11":"taxable","12":"shipping-taxable","13":"purchasable","14":"product-type-variable"},"yoast_head":"<!-- This site is optimized with the Yoast SEO plugin v27.3 - https:\/\/yoast.com\/product\/yoast-seo-wordpress\/ -->\n<title>Surmatelas CONFORT-TECH HR36 - Litmad<\/title>\n<meta name=\"description\" content=\"Surmatelas CONFORT-TECH HR36 : Accueil Ultra MoelleuxLe Surmatelas CONFORT-TECH HR36 est n\u00e9 depuis plusieurs ann\u00e9es de recherches et de d\u00e9veloppement. Il est sp\u00e9cialement \u00e9tudi\u00e9 pour \u00e9viter de chauffer et de transpirer. Son confort est in\u00e9galable et notre marque est un gage de qualit\u00e9 et de travail bien fait.Vous dormirez comme dans un lit douillet !\" \/>\n<meta name=\"robots\" content=\"index, follow, max-snippet:-1, max-image-preview:large, max-video-preview:-1\" \/>\n<link rel=\"canonical\" href=\"https:\/\/litmad.com\/product\/surmatelas-confort-tech-hr36\/\" \/>\n<meta property=\"og:locale\" content=\"ar_AR\" \/>\n<meta property=\"og:type\" content=\"article\" \/>\n<meta property=\"og:title\" content=\"Surmatelas CONFORT-TECH HR36 - Litmad\" \/>\n<meta property=\"og:description\" content=\"Surmatelas CONFORT-TECH HR36 : Accueil Ultra MoelleuxLe Surmatelas CONFORT-TECH HR36 est n\u00e9 depuis plusieurs ann\u00e9es de recherches et de d\u00e9veloppement. Il est sp\u00e9cialement \u00e9tudi\u00e9 pour \u00e9viter de chauffer et de transpirer. Son confort est in\u00e9galable et notre marque est un gage de qualit\u00e9 et de travail bien fait.Vous dormirez comme dans un lit douillet !\" \/>\n<meta property=\"og:url\" content=\"https:\/\/litmad.com\/product\/surmatelas-confort-tech-hr36\/\" \/>\n<meta property=\"og:site_name\" content=\"Litmad\" \/>\n<meta property=\"article:publisher\" content=\"https:\/\/www.facebook.com\/profile.php?id=100082281040934\" \/>\n<meta property=\"article:modified_time\" content=\"2026-03-04T07:28:20+00:00\" \/>\n<meta property=\"og:image\" content=\"https:\/\/litmad.com\/wp-content\/uploads\/2025\/02\/SurMatelas-Confort-Tech-e1740229177882.png\" \/>\n\t<meta property=\"og:image:width\" content=\"1160\" \/>\n\t<meta property=\"og:image:height\" content=\"1080\" \/>\n\t<meta property=\"og:image:type\" content=\"image\/png\" \/>\n<meta name=\"twitter:card\" content=\"summary_large_image\" \/>\n<meta name=\"twitter:label1\" content=\"\u0648\u0642\u062a \u0627\u0644\u0642\u0631\u0627\u0621\u0629 \u0627\u0644\u0645\u064f\u0642\u062f\u0651\u0631\" \/>\n\t<meta name=\"twitter:data1\" content=\"\u062f\u0642\u064a\u0642\u062a\u0627\u0646\" \/>\n<script type=\"application\/ld+json\" class=\"yoast-schema-graph\">{\"@context\":\"https:\\\/\\\/schema.org\",\"@graph\":[{\"@type\":\"WebPage\",\"@id\":\"https:\\\/\\\/litmad.com\\\/product\\\/surmatelas-confort-tech-hr36\\\/\",\"url\":\"https:\\\/\\\/litmad.com\\\/product\\\/surmatelas-confort-tech-hr36\\\/\",\"name\":\"Surmatelas CONFORT-TECH HR36 - Litmad\",\"isPartOf\":{\"@id\":\"https:\\\/\\\/litmad.com\\\/#website\"},\"primaryImageOfPage\":{\"@id\":\"https:\\\/\\\/litmad.com\\\/product\\\/surmatelas-confort-tech-hr36\\\/#primaryimage\"},\"image\":{\"@id\":\"https:\\\/\\\/litmad.com\\\/product\\\/surmatelas-confort-tech-hr36\\\/#primaryimage\"},\"thumbnailUrl\":\"https:\\\/\\\/litmad.com\\\/wp-content\\\/uploads\\\/2025\\\/02\\\/SurMatelas-Confort-Tech-e1740229177882.png\",\"datePublished\":\"2025-02-15T11:47:03+00:00\",\"dateModified\":\"2026-03-04T07:28:20+00:00\",\"description\":\"Surmatelas CONFORT-TECH HR36 : Accueil Ultra MoelleuxLe Surmatelas CONFORT-TECH HR36 est n\u00e9 depuis plusieurs ann\u00e9es de recherches et de d\u00e9veloppement. Il est sp\u00e9cialement \u00e9tudi\u00e9 pour \u00e9viter de chauffer et de transpirer. Son confort est in\u00e9galable et notre marque est un gage de qualit\u00e9 et de travail bien fait.Vous dormirez comme dans un lit douillet !\",\"breadcrumb\":{\"@id\":\"https:\\\/\\\/litmad.com\\\/product\\\/surmatelas-confort-tech-hr36\\\/#breadcrumb\"},\"inLanguage\":\"ar\",\"potentialAction\":[{\"@type\":\"ReadAction\",\"target\":[\"https:\\\/\\\/litmad.com\\\/product\\\/surmatelas-confort-tech-hr36\\\/\"]}]},{\"@type\":\"ImageObject\",\"inLanguage\":\"ar\",\"@id\":\"https:\\\/\\\/litmad.com\\\/product\\\/surmatelas-confort-tech-hr36\\\/#primaryimage\",\"url\":\"https:\\\/\\\/litmad.com\\\/wp-content\\\/uploads\\\/2025\\\/02\\\/SurMatelas-Confort-Tech-e1740229177882.png\",\"contentUrl\":\"https:\\\/\\\/litmad.com\\\/wp-content\\\/uploads\\\/2025\\\/02\\\/SurMatelas-Confort-Tech-e1740229177882.png\",\"width\":1160,\"height\":1080},{\"@type\":\"BreadcrumbList\",\"@id\":\"https:\\\/\\\/litmad.com\\\/product\\\/surmatelas-confort-tech-hr36\\\/#breadcrumb\",\"itemListElement\":[{\"@type\":\"ListItem\",\"position\":1,\"name\":\"Home\",\"item\":\"https:\\\/\\\/litmad.com\\\/ar\\\/home\\\/\"},{\"@type\":\"ListItem\",\"position\":2,\"name\":\"Boutique\",\"item\":\"https:\\\/\\\/litmad.com\\\/shop\\\/\"},{\"@type\":\"ListItem\",\"position\":3,\"name\":\"Surmatelas CONFORT-TECH HR36\"}]},{\"@type\":\"WebSite\",\"@id\":\"https:\\\/\\\/litmad.com\\\/#website\",\"url\":\"https:\\\/\\\/litmad.com\\\/\",\"name\":\"Litmad\",\"description\":\"D\u00e9couvrez Litmad\u00ae, fabricant alg\u00e9rien de matelas et salons haut de gamme. Profitez d\u2019un confort optimal avec nos produits de qualit\u00e9, con\u00e7us pour am\u00e9liorer votre sommeil et embellir votre\",\"publisher\":{\"@id\":\"https:\\\/\\\/litmad.com\\\/#organization\"},\"alternateName\":\"Litmad \u2013 Met en avant l\u2019origine de la marque.\",\"potentialAction\":[{\"@type\":\"SearchAction\",\"target\":{\"@type\":\"EntryPoint\",\"urlTemplate\":\"https:\\\/\\\/litmad.com\\\/?s={search_term_string}\"},\"query-input\":{\"@type\":\"PropertyValueSpecification\",\"valueRequired\":true,\"valueName\":\"search_term_string\"}}],\"inLanguage\":\"ar\"},{\"@type\":\"Organization\",\"@id\":\"https:\\\/\\\/litmad.com\\\/#organization\",\"name\":\"Litmad\",\"alternateName\":\"Litmad \u2013 Met en avant l\u2019origine de la marque.\",\"url\":\"https:\\\/\\\/litmad.com\\\/\",\"logo\":{\"@type\":\"ImageObject\",\"inLanguage\":\"ar\",\"@id\":\"https:\\\/\\\/litmad.com\\\/#\\\/schema\\\/logo\\\/image\\\/\",\"url\":\"https:\\\/\\\/litmad.com\\\/wp-content\\\/uploads\\\/2025\\\/02\\\/logo_litmad-removebg-preview1.png\",\"contentUrl\":\"https:\\\/\\\/litmad.com\\\/wp-content\\\/uploads\\\/2025\\\/02\\\/logo_litmad-removebg-preview1.png\",\"width\":365,\"height\":138,\"caption\":\"Litmad\"},\"image\":{\"@id\":\"https:\\\/\\\/litmad.com\\\/#\\\/schema\\\/logo\\\/image\\\/\"},\"sameAs\":[\"https:\\\/\\\/www.facebook.com\\\/profile.php?id=100082281040934\",\"https:\\\/\\\/www.instagram.com\\\/litmadalgerie\"]}]}<\/script>\n<!-- \/ Yoast SEO plugin. -->","yoast_head_json":{"title":"Surmatelas CONFORT-TECH HR36 - Litmad","description":"Surmatelas CONFORT-TECH HR36 : Accueil Ultra MoelleuxLe Surmatelas CONFORT-TECH HR36 est n\u00e9 depuis plusieurs ann\u00e9es de recherches et de d\u00e9veloppement. Il est sp\u00e9cialement \u00e9tudi\u00e9 pour \u00e9viter de chauffer et de transpirer. Son confort est in\u00e9galable et notre marque est un gage de qualit\u00e9 et de travail bien fait.Vous dormirez comme dans un lit douillet !","robots":{"index":"index","follow":"follow","max-snippet":"max-snippet:-1","max-image-preview":"max-image-preview:large","max-video-preview":"max-video-preview:-1"},"canonical":"https:\/\/litmad.com\/product\/surmatelas-confort-tech-hr36\/","og_locale":"ar_AR","og_type":"article","og_title":"Surmatelas CONFORT-TECH HR36 - Litmad","og_description":"Surmatelas CONFORT-TECH HR36 : Accueil Ultra MoelleuxLe Surmatelas CONFORT-TECH HR36 est n\u00e9 depuis plusieurs ann\u00e9es de recherches et de d\u00e9veloppement. Il est sp\u00e9cialement \u00e9tudi\u00e9 pour \u00e9viter de chauffer et de transpirer. Son confort est in\u00e9galable et notre marque est un gage de qualit\u00e9 et de travail bien fait.Vous dormirez comme dans un lit douillet !","og_url":"https:\/\/litmad.com\/product\/surmatelas-confort-tech-hr36\/","og_site_name":"Litmad","article_publisher":"https:\/\/www.facebook.com\/profile.php?id=100082281040934","article_modified_time":"2026-03-04T07:28:20+00:00","og_image":[{"width":1160,"height":1080,"url":"https:\/\/litmad.com\/wp-content\/uploads\/2025\/02\/SurMatelas-Confort-Tech-e1740229177882.png","type":"image\/png"}],"twitter_card":"summary_large_image","twitter_misc":{"\u0648\u0642\u062a \u0627\u0644\u0642\u0631\u0627\u0621\u0629 \u0627\u0644\u0645\u064f\u0642\u062f\u0651\u0631":"\u062f\u0642\u064a\u0642\u062a\u0627\u0646"},"schema":{"@context":"https:\/\/schema.org","@graph":[{"@type":"WebPage","@id":"https:\/\/litmad.com\/product\/surmatelas-confort-tech-hr36\/","url":"https:\/\/litmad.com\/product\/surmatelas-confort-tech-hr36\/","name":"Surmatelas CONFORT-TECH HR36 - Litmad","isPartOf":{"@id":"https:\/\/litmad.com\/#website"},"primaryImageOfPage":{"@id":"https:\/\/litmad.com\/product\/surmatelas-confort-tech-hr36\/#primaryimage"},"image":{"@id":"https:\/\/litmad.com\/product\/surmatelas-confort-tech-hr36\/#primaryimage"},"thumbnailUrl":"https:\/\/litmad.com\/wp-content\/uploads\/2025\/02\/SurMatelas-Confort-Tech-e1740229177882.png","datePublished":"2025-02-15T11:47:03+00:00","dateModified":"2026-03-04T07:28:20+00:00","description":"Surmatelas CONFORT-TECH HR36 : Accueil Ultra MoelleuxLe Surmatelas CONFORT-TECH HR36 est n\u00e9 depuis plusieurs ann\u00e9es de recherches et de d\u00e9veloppement. Il est sp\u00e9cialement \u00e9tudi\u00e9 pour \u00e9viter de chauffer et de transpirer. Son confort est in\u00e9galable et notre marque est un gage de qualit\u00e9 et de travail bien fait.Vous dormirez comme dans un lit douillet !","breadcrumb":{"@id":"https:\/\/litmad.com\/product\/surmatelas-confort-tech-hr36\/#breadcrumb"},"inLanguage":"ar","potentialAction":[{"@type":"ReadAction","target":["https:\/\/litmad.com\/product\/surmatelas-confort-tech-hr36\/"]}]},{"@type":"ImageObject","inLanguage":"ar","@id":"https:\/\/litmad.com\/product\/surmatelas-confort-tech-hr36\/#primaryimage","url":"https:\/\/litmad.com\/wp-content\/uploads\/2025\/02\/SurMatelas-Confort-Tech-e1740229177882.png","contentUrl":"https:\/\/litmad.com\/wp-content\/uploads\/2025\/02\/SurMatelas-Confort-Tech-e1740229177882.png","width":1160,"height":1080},{"@type":"BreadcrumbList","@id":"https:\/\/litmad.com\/product\/surmatelas-confort-tech-hr36\/#breadcrumb","itemListElement":[{"@type":"ListItem","position":1,"name":"Home","item":"https:\/\/litmad.com\/ar\/home\/"},{"@type":"ListItem","position":2,"name":"Boutique","item":"https:\/\/litmad.com\/shop\/"},{"@type":"ListItem","position":3,"name":"Surmatelas CONFORT-TECH HR36"}]},{"@type":"WebSite","@id":"https:\/\/litmad.com\/#website","url":"https:\/\/litmad.com\/","name":"Litmad","description":"D\u00e9couvrez Litmad\u00ae, fabricant alg\u00e9rien de matelas et salons haut de gamme. Profitez d\u2019un confort optimal avec nos produits de qualit\u00e9, con\u00e7us pour am\u00e9liorer votre sommeil et embellir votre","publisher":{"@id":"https:\/\/litmad.com\/#organization"},"alternateName":"Litmad \u2013 Met en avant l\u2019origine de la marque.","potentialAction":[{"@type":"SearchAction","target":{"@type":"EntryPoint","urlTemplate":"https:\/\/litmad.com\/?s={search_term_string}"},"query-input":{"@type":"PropertyValueSpecification","valueRequired":true,"valueName":"search_term_string"}}],"inLanguage":"ar"},{"@type":"Organization","@id":"https:\/\/litmad.com\/#organization","name":"Litmad","alternateName":"Litmad \u2013 Met en avant l\u2019origine de la marque.","url":"https:\/\/litmad.com\/","logo":{"@type":"ImageObject","inLanguage":"ar","@id":"https:\/\/litmad.com\/#\/schema\/logo\/image\/","url":"https:\/\/litmad.com\/wp-content\/uploads\/2025\/02\/logo_litmad-removebg-preview1.png","contentUrl":"https:\/\/litmad.com\/wp-content\/uploads\/2025\/02\/logo_litmad-removebg-preview1.png","width":365,"height":138,"caption":"Litmad"},"image":{"@id":"https:\/\/litmad.com\/#\/schema\/logo\/image\/"},"sameAs":["https:\/\/www.facebook.com\/profile.php?id=100082281040934","https:\/\/www.instagram.com\/litmadalgerie"]}]}},"_links":{"self":[{"href":"https:\/\/litmad.com\/ar\/wp-json\/wp\/v2\/product\/6986","targetHints":{"allow":["GET"]}}],"collection":[{"href":"https:\/\/litmad.com\/ar\/wp-json\/wp\/v2\/product"}],"about":[{"href":"https:\/\/litmad.com\/ar\/wp-json\/wp\/v2\/types\/product"}],"replies":[{"embeddable":true,"href":"https:\/\/litmad.com\/ar\/wp-json\/wp\/v2\/comments?post=6986"}],"wp:featuredmedia":[{"embeddable":true,"href":"https:\/\/litmad.com\/ar\/wp-json\/wp\/v2\/media\/7224"}],"wp:attachment":[{"href":"https:\/\/litmad.com\/ar\/wp-json\/wp\/v2\/media?parent=6986"}],"wp:term":[{"taxonomy":"product_brand","embeddable":true,"href":"https:\/\/litmad.com\/ar\/wp-json\/wp\/v2\/product_brand?post=6986"},{"taxonomy":"product_cat","embeddable":true,"href":"https:\/\/litmad.com\/ar\/wp-json\/wp\/v2\/product_cat?post=6986"},{"taxonomy":"product_tag","embeddable":true,"href":"https:\/\/litmad.com\/ar\/wp-json\/wp\/v2\/product_tag?post=6986"}],"curies":[{"name":"wp","href":"https:\/\/api.w.org\/{rel}","templated":true}]}}