{"id":6991,"date":"2025-02-15T11:51:35","date_gmt":"2025-02-15T11:51:35","guid":{"rendered":"https:\/\/litmad.com\/?post_type=product&#038;p=6991"},"modified":"2025-02-15T22:28:43","modified_gmt":"2025-02-15T22:28:43","slug":"oreiller-confort","status":"publish","type":"product","link":"https:\/\/litmad.com\/ar\/product\/oreiller-confort\/","title":{"rendered":"Oreiller Confort +"},"content":{"rendered":"<p>Tissu 1<strong>00% Coton Percale<\/strong> avec de<strong> la Ouatine Silicon\u00e9e<\/strong> Trait\u00e9e<\/p>\n","protected":false},"excerpt":{"rendered":"<p>Tissu 1<strong>00% Coton Percale<\/strong> avec de<strong> la Ouatine Silicon\u00e9e<\/strong> Trait\u00e9e<\/p>\n","protected":false},"featured_media":6992,"comment_status":"open","ping_status":"closed","template":"","meta":[],"product_brand":[],"product_cat":[71],"product_tag":[],"class_list":{"0":"post-6991","1":"product","2":"type-product","3":"status-publish","4":"has-post-thumbnail","6":"product_cat-oreillers","8":"first","9":"instock","10":"taxable","11":"shipping-taxable","12":"purchasable","13":"product-type-simple"},"yoast_head":"<!-- This site is optimized with the Yoast SEO plugin v27.3 - https:\/\/yoast.com\/product\/yoast-seo-wordpress\/ -->\n<title>Oreiller Confort + - Litmad<\/title>\n<meta name=\"description\" content=\"Oreiller Confort + |Tissu 100% Coton Percale avec de la Ouatine Silicon\u00e9e Trait\u00e9e\" \/>\n<meta name=\"robots\" content=\"index, follow, max-snippet:-1, max-image-preview:large, max-video-preview:-1\" \/>\n<link rel=\"canonical\" href=\"https:\/\/litmad.com\/product\/oreiller-confort\/\" \/>\n<meta property=\"og:locale\" content=\"ar_AR\" \/>\n<meta property=\"og:type\" content=\"article\" \/>\n<meta property=\"og:title\" content=\"Oreiller Confort + - Litmad\" \/>\n<meta property=\"og:description\" content=\"Oreiller Confort + |Tissu 100% Coton Percale avec de la Ouatine Silicon\u00e9e Trait\u00e9e\" \/>\n<meta property=\"og:url\" content=\"https:\/\/litmad.com\/product\/oreiller-confort\/\" \/>\n<meta property=\"og:site_name\" content=\"Litmad\" \/>\n<meta property=\"article:publisher\" content=\"https:\/\/www.facebook.com\/profile.php?id=100082281040934\" \/>\n<meta property=\"article:modified_time\" content=\"2025-02-15T22:28:43+00:00\" \/>\n<meta property=\"og:image\" content=\"https:\/\/litmad.com\/wp-content\/uploads\/2025\/02\/mkhedda-moraba3-fond-blanc-1.webp\" \/>\n\t<meta property=\"og:image:width\" content=\"1500\" \/>\n\t<meta property=\"og:image:height\" content=\"1500\" \/>\n\t<meta property=\"og:image:type\" content=\"image\/webp\" \/>\n<meta name=\"twitter:card\" content=\"summary_large_image\" \/>\n<meta name=\"twitter:label1\" content=\"\u0648\u0642\u062a \u0627\u0644\u0642\u0631\u0627\u0621\u0629 \u0627\u0644\u0645\u064f\u0642\u062f\u0651\u0631\" \/>\n\t<meta name=\"twitter:data1\" content=\"1 \u062f\u0642\u064a\u0642\u0629\" \/>\n<script type=\"application\/ld+json\" class=\"yoast-schema-graph\">{\"@context\":\"https:\\\/\\\/schema.org\",\"@graph\":[{\"@type\":\"WebPage\",\"@id\":\"https:\\\/\\\/litmad.com\\\/product\\\/oreiller-confort\\\/\",\"url\":\"https:\\\/\\\/litmad.com\\\/product\\\/oreiller-confort\\\/\",\"name\":\"Oreiller Confort + - Litmad\",\"isPartOf\":{\"@id\":\"https:\\\/\\\/litmad.com\\\/#website\"},\"primaryImageOfPage\":{\"@id\":\"https:\\\/\\\/litmad.com\\\/product\\\/oreiller-confort\\\/#primaryimage\"},\"image\":{\"@id\":\"https:\\\/\\\/litmad.com\\\/product\\\/oreiller-confort\\\/#primaryimage\"},\"thumbnailUrl\":\"https:\\\/\\\/litmad.com\\\/wp-content\\\/uploads\\\/2025\\\/02\\\/mkhedda-moraba3-fond-blanc-1.webp\",\"datePublished\":\"2025-02-15T11:51:35+00:00\",\"dateModified\":\"2025-02-15T22:28:43+00:00\",\"description\":\"Oreiller Confort + |Tissu 100% Coton Percale avec de la Ouatine Silicon\u00e9e Trait\u00e9e\",\"breadcrumb\":{\"@id\":\"https:\\\/\\\/litmad.com\\\/product\\\/oreiller-confort\\\/#breadcrumb\"},\"inLanguage\":\"ar\",\"potentialAction\":[{\"@type\":\"ReadAction\",\"target\":[\"https:\\\/\\\/litmad.com\\\/product\\\/oreiller-confort\\\/\"]}]},{\"@type\":\"ImageObject\",\"inLanguage\":\"ar\",\"@id\":\"https:\\\/\\\/litmad.com\\\/product\\\/oreiller-confort\\\/#primaryimage\",\"url\":\"https:\\\/\\\/litmad.com\\\/wp-content\\\/uploads\\\/2025\\\/02\\\/mkhedda-moraba3-fond-blanc-1.webp\",\"contentUrl\":\"https:\\\/\\\/litmad.com\\\/wp-content\\\/uploads\\\/2025\\\/02\\\/mkhedda-moraba3-fond-blanc-1.webp\",\"width\":1500,\"height\":1500},{\"@type\":\"BreadcrumbList\",\"@id\":\"https:\\\/\\\/litmad.com\\\/product\\\/oreiller-confort\\\/#breadcrumb\",\"itemListElement\":[{\"@type\":\"ListItem\",\"position\":1,\"name\":\"Home\",\"item\":\"https:\\\/\\\/litmad.com\\\/ar\\\/home\\\/\"},{\"@type\":\"ListItem\",\"position\":2,\"name\":\"Boutique\",\"item\":\"https:\\\/\\\/litmad.com\\\/shop\\\/\"},{\"@type\":\"ListItem\",\"position\":3,\"name\":\"Oreiller Confort +\"}]},{\"@type\":\"WebSite\",\"@id\":\"https:\\\/\\\/litmad.com\\\/#website\",\"url\":\"https:\\\/\\\/litmad.com\\\/\",\"name\":\"Litmad\",\"description\":\"D\u00e9couvrez Litmad\u00ae, fabricant alg\u00e9rien de matelas et salons haut de gamme. Profitez d\u2019un confort optimal avec nos produits de qualit\u00e9, con\u00e7us pour am\u00e9liorer votre sommeil et embellir votre\",\"publisher\":{\"@id\":\"https:\\\/\\\/litmad.com\\\/#organization\"},\"alternateName\":\"Litmad \u2013 Met en avant l\u2019origine de la marque.\",\"potentialAction\":[{\"@type\":\"SearchAction\",\"target\":{\"@type\":\"EntryPoint\",\"urlTemplate\":\"https:\\\/\\\/litmad.com\\\/?s={search_term_string}\"},\"query-input\":{\"@type\":\"PropertyValueSpecification\",\"valueRequired\":true,\"valueName\":\"search_term_string\"}}],\"inLanguage\":\"ar\"},{\"@type\":\"Organization\",\"@id\":\"https:\\\/\\\/litmad.com\\\/#organization\",\"name\":\"Litmad\",\"alternateName\":\"Litmad \u2013 Met en avant l\u2019origine de la marque.\",\"url\":\"https:\\\/\\\/litmad.com\\\/\",\"logo\":{\"@type\":\"ImageObject\",\"inLanguage\":\"ar\",\"@id\":\"https:\\\/\\\/litmad.com\\\/#\\\/schema\\\/logo\\\/image\\\/\",\"url\":\"https:\\\/\\\/litmad.com\\\/wp-content\\\/uploads\\\/2025\\\/02\\\/logo_litmad-removebg-preview1.png\",\"contentUrl\":\"https:\\\/\\\/litmad.com\\\/wp-content\\\/uploads\\\/2025\\\/02\\\/logo_litmad-removebg-preview1.png\",\"width\":365,\"height\":138,\"caption\":\"Litmad\"},\"image\":{\"@id\":\"https:\\\/\\\/litmad.com\\\/#\\\/schema\\\/logo\\\/image\\\/\"},\"sameAs\":[\"https:\\\/\\\/www.facebook.com\\\/profile.php?id=100082281040934\",\"https:\\\/\\\/www.instagram.com\\\/litmadalgerie\"]}]}<\/script>\n<!-- \/ Yoast SEO plugin. -->","yoast_head_json":{"title":"Oreiller Confort + - Litmad","description":"Oreiller Confort + |Tissu 100% Coton Percale avec de la Ouatine Silicon\u00e9e Trait\u00e9e","robots":{"index":"index","follow":"follow","max-snippet":"max-snippet:-1","max-image-preview":"max-image-preview:large","max-video-preview":"max-video-preview:-1"},"canonical":"https:\/\/litmad.com\/product\/oreiller-confort\/","og_locale":"ar_AR","og_type":"article","og_title":"Oreiller Confort + - Litmad","og_description":"Oreiller Confort + |Tissu 100% Coton Percale avec de la Ouatine Silicon\u00e9e Trait\u00e9e","og_url":"https:\/\/litmad.com\/product\/oreiller-confort\/","og_site_name":"Litmad","article_publisher":"https:\/\/www.facebook.com\/profile.php?id=100082281040934","article_modified_time":"2025-02-15T22:28:43+00:00","og_image":[{"width":1500,"height":1500,"url":"https:\/\/litmad.com\/wp-content\/uploads\/2025\/02\/mkhedda-moraba3-fond-blanc-1.webp","type":"image\/webp"}],"twitter_card":"summary_large_image","twitter_misc":{"\u0648\u0642\u062a \u0627\u0644\u0642\u0631\u0627\u0621\u0629 \u0627\u0644\u0645\u064f\u0642\u062f\u0651\u0631":"1 \u062f\u0642\u064a\u0642\u0629"},"schema":{"@context":"https:\/\/schema.org","@graph":[{"@type":"WebPage","@id":"https:\/\/litmad.com\/product\/oreiller-confort\/","url":"https:\/\/litmad.com\/product\/oreiller-confort\/","name":"Oreiller Confort + - Litmad","isPartOf":{"@id":"https:\/\/litmad.com\/#website"},"primaryImageOfPage":{"@id":"https:\/\/litmad.com\/product\/oreiller-confort\/#primaryimage"},"image":{"@id":"https:\/\/litmad.com\/product\/oreiller-confort\/#primaryimage"},"thumbnailUrl":"https:\/\/litmad.com\/wp-content\/uploads\/2025\/02\/mkhedda-moraba3-fond-blanc-1.webp","datePublished":"2025-02-15T11:51:35+00:00","dateModified":"2025-02-15T22:28:43+00:00","description":"Oreiller Confort + |Tissu 100% Coton Percale avec de la Ouatine Silicon\u00e9e Trait\u00e9e","breadcrumb":{"@id":"https:\/\/litmad.com\/product\/oreiller-confort\/#breadcrumb"},"inLanguage":"ar","potentialAction":[{"@type":"ReadAction","target":["https:\/\/litmad.com\/product\/oreiller-confort\/"]}]},{"@type":"ImageObject","inLanguage":"ar","@id":"https:\/\/litmad.com\/product\/oreiller-confort\/#primaryimage","url":"https:\/\/litmad.com\/wp-content\/uploads\/2025\/02\/mkhedda-moraba3-fond-blanc-1.webp","contentUrl":"https:\/\/litmad.com\/wp-content\/uploads\/2025\/02\/mkhedda-moraba3-fond-blanc-1.webp","width":1500,"height":1500},{"@type":"BreadcrumbList","@id":"https:\/\/litmad.com\/product\/oreiller-confort\/#breadcrumb","itemListElement":[{"@type":"ListItem","position":1,"name":"Home","item":"https:\/\/litmad.com\/ar\/home\/"},{"@type":"ListItem","position":2,"name":"Boutique","item":"https:\/\/litmad.com\/shop\/"},{"@type":"ListItem","position":3,"name":"Oreiller Confort +"}]},{"@type":"WebSite","@id":"https:\/\/litmad.com\/#website","url":"https:\/\/litmad.com\/","name":"Litmad","description":"D\u00e9couvrez Litmad\u00ae, fabricant alg\u00e9rien de matelas et salons haut de gamme. Profitez d\u2019un confort optimal avec nos produits de qualit\u00e9, con\u00e7us pour am\u00e9liorer votre sommeil et embellir votre","publisher":{"@id":"https:\/\/litmad.com\/#organization"},"alternateName":"Litmad \u2013 Met en avant l\u2019origine de la marque.","potentialAction":[{"@type":"SearchAction","target":{"@type":"EntryPoint","urlTemplate":"https:\/\/litmad.com\/?s={search_term_string}"},"query-input":{"@type":"PropertyValueSpecification","valueRequired":true,"valueName":"search_term_string"}}],"inLanguage":"ar"},{"@type":"Organization","@id":"https:\/\/litmad.com\/#organization","name":"Litmad","alternateName":"Litmad \u2013 Met en avant l\u2019origine de la marque.","url":"https:\/\/litmad.com\/","logo":{"@type":"ImageObject","inLanguage":"ar","@id":"https:\/\/litmad.com\/#\/schema\/logo\/image\/","url":"https:\/\/litmad.com\/wp-content\/uploads\/2025\/02\/logo_litmad-removebg-preview1.png","contentUrl":"https:\/\/litmad.com\/wp-content\/uploads\/2025\/02\/logo_litmad-removebg-preview1.png","width":365,"height":138,"caption":"Litmad"},"image":{"@id":"https:\/\/litmad.com\/#\/schema\/logo\/image\/"},"sameAs":["https:\/\/www.facebook.com\/profile.php?id=100082281040934","https:\/\/www.instagram.com\/litmadalgerie"]}]}},"_links":{"self":[{"href":"https:\/\/litmad.com\/ar\/wp-json\/wp\/v2\/product\/6991","targetHints":{"allow":["GET"]}}],"collection":[{"href":"https:\/\/litmad.com\/ar\/wp-json\/wp\/v2\/product"}],"about":[{"href":"https:\/\/litmad.com\/ar\/wp-json\/wp\/v2\/types\/product"}],"replies":[{"embeddable":true,"href":"https:\/\/litmad.com\/ar\/wp-json\/wp\/v2\/comments?post=6991"}],"wp:featuredmedia":[{"embeddable":true,"href":"https:\/\/litmad.com\/ar\/wp-json\/wp\/v2\/media\/6992"}],"wp:attachment":[{"href":"https:\/\/litmad.com\/ar\/wp-json\/wp\/v2\/media?parent=6991"}],"wp:term":[{"taxonomy":"product_brand","embeddable":true,"href":"https:\/\/litmad.com\/ar\/wp-json\/wp\/v2\/product_brand?post=6991"},{"taxonomy":"product_cat","embeddable":true,"href":"https:\/\/litmad.com\/ar\/wp-json\/wp\/v2\/product_cat?post=6991"},{"taxonomy":"product_tag","embeddable":true,"href":"https:\/\/litmad.com\/ar\/wp-json\/wp\/v2\/product_tag?post=6991"}],"curies":[{"name":"wp","href":"https:\/\/api.w.org\/{rel}","templated":true}]}}